{"id":9169,"date":"2025-11-06T11:41:42","date_gmt":"2025-11-06T16:41:42","guid":{"rendered":"https:\/\/www.lequarante7.com\/?page_id=9169"},"modified":"2026-04-27T11:50:27","modified_gmt":"2026-04-27T15:50:27","slug":"elementor-9169","status":"publish","type":"page","link":"https:\/\/www.lequarante7.com\/en\/","title":{"rendered":"NOUVELLE PAGE D&rsquo;ACCUEIL 2026"},"content":{"rendered":"<div data-elementor-type=\"wp-post\" data-elementor-id=\"9169\" class=\"elementor elementor-9169\" data-elementor-post-type=\"page\">\n\t\t\t\t<div class=\"elementor-element elementor-element-8f3bbb1 e-con-full e-ecs-flex e-flex e-con e-parent\" data-id=\"8f3bbb1\" data-element_type=\"container\" data-e-type=\"container\" data-settings=\"{&quot;jet_parallax_layout_list&quot;:[],&quot;ecs_container_type&quot;:&quot;flex&quot;}\">\n\t\t\t\t<div class=\"elementor-element elementor-element-1c47a5f elementor-hidden-mobile elementor-widget elementor-widget-image\" data-id=\"1c47a5f\" data-element_type=\"widget\" data-e-type=\"widget\" data-widget_type=\"image.default\">\n\t\t\t\t<div class=\"elementor-widget-container\">\n\t\t\t\t\t\t\t\t\t\t\t\t\t\t\t<img decoding=\"async\" width=\"192\" height=\"96\" src=\"https:\/\/www.lequarante7.com\/wp-content\/uploads\/2026\/04\/logo-30-ans-svg-le-quarante-7-1.svg\" class=\"attachment-full size-full wp-image-10406\" alt=\"\" \/>\t\t\t\t\t\t\t\t\t\t\t\t\t\t\t<\/div>\n\t\t\t\t<\/div>\n\t\t\t\t<div class=\"elementor-element elementor-element-cac2818 elementor-hidden-desktop elementor-hidden-laptop elementor-hidden-tablet elementor-widget elementor-widget-spacer\" data-id=\"cac2818\" data-element_type=\"widget\" data-e-type=\"widget\" data-widget_type=\"spacer.default\">\n\t\t\t\t<div class=\"elementor-widget-container\">\n\t\t\t\t\t\t\t<div class=\"elementor-spacer\">\n\t\t\t<div class=\"elementor-spacer-inner\"><\/div>\n\t\t<\/div>\n\t\t\t\t\t\t<\/div>\n\t\t\t\t<\/div>\n\t\t\t\t<div class=\"elementor-element elementor-element-2de1493 elementor-widget__width-inherit elementor--h-position-center elementor--v-position-middle elementor-arrows-position-inside elementor-pagination-position-inside elementor-widget elementor-widget-slides\" data-id=\"2de1493\" data-element_type=\"widget\" data-e-type=\"widget\" data-settings=\"{&quot;autoplay_speed&quot;:3250,&quot;transition&quot;:&quot;fade&quot;,&quot;navigation&quot;:&quot;both&quot;,&quot;autoplay&quot;:&quot;yes&quot;,&quot;pause_on_hover&quot;:&quot;yes&quot;,&quot;pause_on_interaction&quot;:&quot;yes&quot;,&quot;infinite&quot;:&quot;yes&quot;,&quot;transition_speed&quot;:500}\" data-widget_type=\"slides.default\">\n\t\t\t\t<div class=\"elementor-widget-container\">\n\t\t\t\t\t\t\t\t\t<div class=\"elementor-swiper\">\n\t\t\t\t\t<div class=\"elementor-slides-wrapper elementor-main-swiper swiper\" role=\"region\" aria-roledescription=\"carousel\" aria-label=\"BANNER PAGE ACCUEIL \" dir=\"ltr\" data-animation=\"\">\n\t\t\t\t<div class=\"swiper-wrapper elementor-slides\">\n\t\t\t\t\t\t\t\t\t\t<div class=\"elementor-repeater-item-f823f85 swiper-slide\" role=\"group\" aria-roledescription=\"slide\"><div class=\"swiper-slide-bg\" role=\"img\" aria-label=\"banner-table-gourmande-3-mai-le-quarante-7\"><\/div><a class=\"swiper-slide-inner\" href=\"https:\/\/www.lequarante7.com\/en\/reservez-en-ligne\/\"><div class=\"swiper-slide-contents\"><\/div><\/a><\/div><div class=\"elementor-repeater-item-d65acc3 swiper-slide\" role=\"group\" aria-roledescription=\"slide\"><div class=\"swiper-slide-bg\" role=\"img\" aria-label=\"banner-gflq-site-web-updated-le-quarante-7\"><\/div><a class=\"swiper-slide-inner\" href=\"https:\/\/www.lequarante7.com\/en\/elementor-page-8425\/\"><div class=\"swiper-slide-contents\"><\/div><\/a><\/div><div class=\"elementor-repeater-item-9f95c10 swiper-slide\" role=\"group\" aria-roledescription=\"slide\"><div class=\"swiper-slide-bg\" role=\"img\" aria-label=\"banner-soiree-des-30-ans-1er-octobre-v2-le-quarante-7\"><\/div><a class=\"swiper-slide-inner\" href=\"https:\/\/www.lequarante7.com\/en\/party-des-30-ans\/\"><div class=\"swiper-slide-contents\"><\/div><\/a><\/div><div class=\"elementor-repeater-item-e2c626f swiper-slide\" role=\"group\" aria-roledescription=\"slide\"><div class=\"swiper-slide-bg\" role=\"img\" aria-label=\"banner-stationnement-site-web-le-quarante-7\"><\/div><a class=\"swiper-slide-inner\" href=\"https:\/\/www.lequarante7.com\/en\/reservez-en-ligne\/\"><div class=\"swiper-slide-contents\"><\/div><\/a><\/div>\t\t\t\t<\/div>\n\t\t\t\t\t\t\t\t\t\t\t\t\t\t\t<div class=\"elementor-swiper-button elementor-swiper-button-prev\" role=\"button\" tabindex=\"0\" aria-label=\"Previous slide\">\n\t\t\t\t\t\t\t<i aria-hidden=\"true\" class=\"eicon-chevron-left\"><\/i>\t\t\t\t\t\t<\/div>\n\t\t\t\t\t\t<div class=\"elementor-swiper-button elementor-swiper-button-next\" role=\"button\" tabindex=\"0\" aria-label=\"Next slide\">\n\t\t\t\t\t\t\t<i aria-hidden=\"true\" class=\"eicon-chevron-right\"><\/i>\t\t\t\t\t\t<\/div>\n\t\t\t\t\t\t\t\t\t\t\t\t\t\t\t\t<div class=\"swiper-pagination\"><\/div>\n\t\t\t\t\t\t\t\t\t\t\t\t<\/div>\n\t\t\t\t<\/div>\n\t\t\t\t\t\t\t\t<\/div>\n\t\t\t\t<\/div>\n\t\t\t\t<div class=\"elementor-element elementor-element-fce6471 elementor-widget elementor-widget-spacer\" data-id=\"fce6471\" data-element_type=\"widget\" data-e-type=\"widget\" data-widget_type=\"spacer.default\">\n\t\t\t\t<div class=\"elementor-widget-container\">\n\t\t\t\t\t\t\t<div class=\"elementor-spacer\">\n\t\t\t<div class=\"elementor-spacer-inner\"><\/div>\n\t\t<\/div>\n\t\t\t\t\t\t<\/div>\n\t\t\t\t<\/div>\n\t\t\t\t<\/div>\n\t\t<div class=\"elementor-element elementor-element-5167ad4 e-con-full e-ecs-flex e-flex e-con e-parent\" data-id=\"5167ad4\" data-element_type=\"container\" data-e-type=\"container\" data-settings=\"{&quot;jet_parallax_layout_list&quot;:[],&quot;ecs_container_type&quot;:&quot;flex&quot;}\">\n\t\t\t\t<div class=\"elementor-element elementor-element-5d41017 elementor-widget elementor-widget-gallery\" data-id=\"5d41017\" data-element_type=\"widget\" data-e-type=\"widget\" data-settings=\"{&quot;aspect_ratio&quot;:&quot;1:1&quot;,&quot;columns_mobile&quot;:2,&quot;columns&quot;:3,&quot;lazyload&quot;:&quot;yes&quot;,&quot;gallery_layout&quot;:&quot;grid&quot;,&quot;columns_tablet&quot;:2,&quot;gap&quot;:{&quot;unit&quot;:&quot;px&quot;,&quot;size&quot;:10,&quot;sizes&quot;:[]},&quot;gap_laptop&quot;:{&quot;unit&quot;:&quot;px&quot;,&quot;size&quot;:10,&quot;sizes&quot;:[]},&quot;gap_tablet&quot;:{&quot;unit&quot;:&quot;px&quot;,&quot;size&quot;:10,&quot;sizes&quot;:[]},&quot;gap_mobile&quot;:{&quot;unit&quot;:&quot;px&quot;,&quot;size&quot;:10,&quot;sizes&quot;:[]},&quot;content_hover_animation&quot;:&quot;fade-in&quot;}\" data-widget_type=\"gallery.default\">\n\t\t\t\t<div class=\"elementor-widget-container\">\n\t\t\t\t\t\t\t<div class=\"elementor-gallery__container\">\n\t\t\t\t\t\t\t<div class=\"e-gallery-item elementor-gallery-item elementor-animated-content\">\n\t\t\t\t\t<div class=\"e-gallery-image elementor-gallery-item__image\" data-thumbnail=\"https:\/\/www.lequarante7.com\/wp-content\/uploads\/2020\/06\/terasse.jpg\" data-width=\"900\" data-height=\"600\" aria-label=\"\" role=\"img\" ><\/div>\n\t\t\t\t\t\t\t\t\t\t\t\t\t\t<\/div>\n\t\t\t\t\t\t\t<div class=\"e-gallery-item elementor-gallery-item elementor-animated-content\">\n\t\t\t\t\t<div class=\"e-gallery-image elementor-gallery-item__image\" data-thumbnail=\"https:\/\/www.lequarante7.com\/wp-content\/uploads\/2023\/04\/fletan-et-gambas-scaled.jpg\" data-width=\"2560\" data-height=\"1707\" aria-label=\"\" role=\"img\" ><\/div>\n\t\t\t\t\t\t\t\t\t\t\t\t\t\t<\/div>\n\t\t\t\t\t\t\t<div class=\"e-gallery-item elementor-gallery-item elementor-animated-content\">\n\t\t\t\t\t<div class=\"e-gallery-image elementor-gallery-item__image\" data-thumbnail=\"https:\/\/www.lequarante7.com\/wp-content\/uploads\/2026\/04\/dscf0436-le-quarante-7-scaled-e1776285313873.jpg\" data-width=\"2560\" data-height=\"1580\" aria-label=\"\" role=\"img\" ><\/div>\n\t\t\t\t\t\t\t\t\t\t\t\t\t\t<\/div>\n\t\t\t\t\t\t\t<div class=\"e-gallery-item elementor-gallery-item elementor-animated-content\">\n\t\t\t\t\t<div class=\"e-gallery-image elementor-gallery-item__image\" data-thumbnail=\"https:\/\/www.lequarante7.com\/wp-content\/uploads\/2024\/01\/pps0175-le-quarante-7.jpg\" data-width=\"1500\" data-height=\"1000\" aria-label=\"\" role=\"img\" ><\/div>\n\t\t\t\t\t\t\t\t\t\t\t\t\t\t<\/div>\n\t\t\t\t\t\t\t<div class=\"e-gallery-item elementor-gallery-item elementor-animated-content\">\n\t\t\t\t\t<div class=\"e-gallery-image elementor-gallery-item__image\" data-thumbnail=\"https:\/\/www.lequarante7.com\/wp-content\/uploads\/2019\/07\/PPS0323-1.jpg\" data-width=\"1500\" data-height=\"1250\" aria-label=\"\" role=\"img\" ><\/div>\n\t\t\t\t\t\t\t\t\t\t\t\t\t\t<\/div>\n\t\t\t\t\t\t\t<div class=\"e-gallery-item elementor-gallery-item elementor-animated-content\">\n\t\t\t\t\t<div class=\"e-gallery-image elementor-gallery-item__image\" data-thumbnail=\"https:\/\/www.lequarante7.com\/wp-content\/uploads\/2024\/01\/pps0272-le-quarante-7.jpg\" data-width=\"1500\" data-height=\"1000\" aria-label=\"\" role=\"img\" ><\/div>\n\t\t\t\t\t\t\t\t\t\t\t\t\t\t<\/div>\n\t\t\t\t\t<\/div>\n\t\t\t\t\t<\/div>\n\t\t\t\t<\/div>\n\t\t\t\t<div class=\"elementor-element elementor-element-10224e2 elementor-widget elementor-widget-spacer\" data-id=\"10224e2\" data-element_type=\"widget\" data-e-type=\"widget\" data-widget_type=\"spacer.default\">\n\t\t\t\t<div class=\"elementor-widget-container\">\n\t\t\t\t\t\t\t<div class=\"elementor-spacer\">\n\t\t\t<div class=\"elementor-spacer-inner\"><\/div>\n\t\t<\/div>\n\t\t\t\t\t\t<\/div>\n\t\t\t\t<\/div>\n\t\t<div class=\"elementor-element elementor-element-fe6c9b3 e-con-full e-ecs-flex e-flex e-con e-child\" data-id=\"fe6c9b3\" data-element_type=\"container\" data-e-type=\"container\" data-settings=\"{&quot;jet_parallax_layout_list&quot;:[],&quot;ecs_container_type&quot;:&quot;flex&quot;}\">\n\t\t<div class=\"elementor-element elementor-element-a4f70c6 e-con-full e-ecs-flex e-flex e-con e-child\" data-id=\"a4f70c6\" data-element_type=\"container\" data-e-type=\"container\" data-settings=\"{&quot;jet_parallax_layout_list&quot;:[],&quot;ecs_container_type&quot;:&quot;flex&quot;}\">\n\t\t\t\t<div class=\"elementor-element elementor-element-45566cf elementor-widget elementor-widget-heading\" data-id=\"45566cf\" data-element_type=\"widget\" data-e-type=\"widget\" data-widget_type=\"heading.default\">\n\t\t\t\t<div class=\"elementor-widget-container\">\n\t\t\t\t\t<h2 class=\"elementor-heading-title elementor-size-default\"> 30 ANS DE GASTRONOMIE <\/h2>\t\t\t\t<\/div>\n\t\t\t\t<\/div>\n\t\t\t\t<div class=\"elementor-element elementor-element-95eec01 elementor-widget__width-initial elementor-widget elementor-widget-text-editor\" data-id=\"95eec01\" data-element_type=\"widget\" data-e-type=\"widget\" data-widget_type=\"text-editor.default\">\n\t\t\t\t<div class=\"elementor-widget-container\">\n\t\t\t\t\t\t\t\t\t<p style=\"text-align: center;\" data-path-to-node=\"2\"><span style=\"color: #000000;\">Tout a commenc\u00e9 en 1996 sous le nom du 47e Parall\u00e8le, sur la rue Sainte-Anne, au c\u0153ur du charme historique du Vieux-Qu\u00e9bec. C\u2019est l\u00e0 que les premi\u00e8res fondations de notre identit\u00e9 ont \u00e9t\u00e9 jet\u00e9es, port\u00e9es par une vision d\u2019excellence et de convivialit\u00e9. Fort de ce succ\u00e8s initial, l\u2019\u00e9tablissement a franchi une \u00e9tape majeure en s\u2019installant, en 2003, dans son lieu actuel, voisin au Grand Th\u00e9\u00e2tre. Ce d\u00e9m\u00e9nagement a permis de d\u00e9ployer pleinement notre concept et d&rsquo;offrir un espace \u00e0 la hauteur de nos ambitions gastronomiques.<\/span><\/p><p style=\"text-align: center;\" data-path-to-node=\"3\"><span style=\"color: #000000;\">C\u00e9l\u00e9brant aujourd&rsquo;hui 30 ans d&rsquo;histoire, le Quarante 7 demeure un lieu de rencontre privil\u00e9gi\u00e9 pour les \u00e9picuriens en qu\u00eate de saveurs raffin\u00e9es. De notre salle \u00e0 manger dynamique jusqu&rsquo;\u00e0 notre service traiteur sur mesure, notre mission reste la m\u00eame : honorer la richesse des produits \u00e0 travers des cr\u00e9ations soign\u00e9es. En franchissant nos portes, vous d\u00e9couvrez l\u2019h\u00e9ritage d\u2019une \u00e9quipe passionn\u00e9e qui se r\u00e9invente sans cesse pour vous offrir une exp\u00e9rience m\u00e9morable. <\/span><span style=\"color: #000000;\">Cette long\u00e9vit\u00e9, nous la devons \u00e0 notre curiosit\u00e9 constante et \u00e0 notre collaboration \u00e9troite avec les producteurs d&rsquo;ici. Au fil des d\u00e9cennies, nous avons su faire \u00e9voluer notre carte pour marier les classiques ind\u00e9modables aux tendances contemporaines, garantissant ainsi une surprise \u00e0 chaque visite. Que ce soit pour un \u00e9v\u00e9nement corporatif, un mariage ou un souper intime, chaque assiette t\u00e9moigne de notre rigueur. Nous sommes fiers de poursuivre cette aventure avec vous, ancr\u00e9s dans l&rsquo;excellence depuis 1996.<\/span><\/p><p style=\"text-align: center;\" data-path-to-node=\"3\"><span style=\"color: #a47b32;\"><em>&#8211; Yvan Ouellet, Joseph Sarrazin, Am\u00e9lie Rh\u00e9aume-Parent, V\u00e9ronique Gauthier et toute l&rsquo;\u00e9quipe du Quarante 7<\/em><\/span><\/p>\t\t\t\t\t\t\t\t<\/div>\n\t\t\t\t<\/div>\n\t\t\t\t<\/div>\n\t\t\t\t<div class=\"elementor-element elementor-element-4c345c5 elementor-widget__width-inherit elementor-widget-mobile__width-initial elementor-widget elementor-widget-image\" data-id=\"4c345c5\" data-element_type=\"widget\" data-e-type=\"widget\" data-widget_type=\"image.default\">\n\t\t\t\t<div class=\"elementor-widget-container\">\n\t\t\t\t\t\t\t\t\t\t\t\t\t\t\t<img fetchpriority=\"high\" decoding=\"async\" width=\"2560\" height=\"1723\" src=\"https:\/\/www.lequarante7.com\/wp-content\/uploads\/2026\/04\/dscf0403-5-le-quarante-7-scaled.jpg\" class=\"attachment-full size-full wp-image-10374\" alt=\"\" srcset=\"https:\/\/www.lequarante7.com\/wp-content\/uploads\/2026\/04\/dscf0403-5-le-quarante-7-scaled.jpg 2560w, https:\/\/www.lequarante7.com\/wp-content\/uploads\/2026\/04\/dscf0403-5-le-quarante-7-300x202.jpg 300w, https:\/\/www.lequarante7.com\/wp-content\/uploads\/2026\/04\/dscf0403-5-le-quarante-7-1024x689.jpg 1024w, https:\/\/www.lequarante7.com\/wp-content\/uploads\/2026\/04\/dscf0403-5-le-quarante-7-768x517.jpg 768w, https:\/\/www.lequarante7.com\/wp-content\/uploads\/2026\/04\/dscf0403-5-le-quarante-7-1536x1034.jpg 1536w, https:\/\/www.lequarante7.com\/wp-content\/uploads\/2026\/04\/dscf0403-5-le-quarante-7-2048x1378.jpg 2048w, https:\/\/www.lequarante7.com\/wp-content\/uploads\/2026\/04\/dscf0403-5-le-quarante-7-18x12.jpg 18w\" sizes=\"(max-width: 2560px) 100vw, 2560px\" \/>\t\t\t\t\t\t\t\t\t\t\t\t\t\t\t<\/div>\n\t\t\t\t<\/div>\n\t\t\t\t<\/div>\n\t\t\t\t<\/div>\n\t\t\t\t<\/div>","protected":false},"excerpt":{"rendered":"<p>30 ANS DE GASTRONOMIE Tout a commenc\u00e9 en 1996 sous le nom du 47e Parall\u00e8le, sur la rue Sainte-Anne, au c\u0153ur du charme historique du Vieux-Qu\u00e9bec. C\u2019est l\u00e0 que les [&hellip;]<\/p>\n","protected":false},"author":2,"featured_media":0,"parent":0,"menu_order":0,"comment_status":"closed","ping_status":"closed","template":"elementor_header_footer","meta":{"_acf_changed":false,"_angie_page":false,"om_disable_all_campaigns":false,"_monsterinsights_skip_tracking":false,"_monsterinsights_sitenote_active":false,"_monsterinsights_sitenote_note":"","_monsterinsights_sitenote_category":0,"footnotes":""},"class_list":["post-9169","page","type-page","status-publish","hentry","entry"],"featured_image_src":null,"acf":[],"aioseo_notices":[],"jetpack_sharing_enabled":true,"_links":{"self":[{"href":"https:\/\/www.lequarante7.com\/en\/wp-json\/wp\/v2\/pages\/9169","targetHints":{"allow":["GET"]}}],"collection":[{"href":"https:\/\/www.lequarante7.com\/en\/wp-json\/wp\/v2\/pages"}],"about":[{"href":"https:\/\/www.lequarante7.com\/en\/wp-json\/wp\/v2\/types\/page"}],"author":[{"embeddable":true,"href":"https:\/\/www.lequarante7.com\/en\/wp-json\/wp\/v2\/users\/2"}],"replies":[{"embeddable":true,"href":"https:\/\/www.lequarante7.com\/en\/wp-json\/wp\/v2\/comments?post=9169"}],"version-history":[{"count":293,"href":"https:\/\/www.lequarante7.com\/en\/wp-json\/wp\/v2\/pages\/9169\/revisions"}],"predecessor-version":[{"id":10717,"href":"https:\/\/www.lequarante7.com\/en\/wp-json\/wp\/v2\/pages\/9169\/revisions\/10717"}],"wp:attachment":[{"href":"https:\/\/www.lequarante7.com\/en\/wp-json\/wp\/v2\/media?parent=9169"}],"curies":[{"name":"wp","href":"https:\/\/api.w.org\/{rel}","templated":true}]}}