{"id":6553,"date":"2023-10-20T12:43:34","date_gmt":"2023-10-20T16:43:34","guid":{"rendered":"https:\/\/www.lequarante7.com\/?page_id=6553"},"modified":"2023-10-20T12:43:35","modified_gmt":"2023-10-20T16:43:35","slug":"evenements","status":"publish","type":"page","link":"https:\/\/www.lequarante7.com\/en\/evenements\/","title":{"rendered":"\u00c9v\u00e9nements"},"content":{"rendered":"<p>Les \u00e9v\u00e9nements du Quarante 7<\/p>","protected":false},"excerpt":{"rendered":"<p>Les \u00e9v\u00e9nements du Quarante 7<\/p>","protected":false},"author":2,"featured_media":0,"parent":0,"menu_order":0,"comment_status":"closed","ping_status":"closed","template":"elementor_header_footer","meta":{"_acf_changed":false,"_angie_page":false,"om_disable_all_campaigns":false,"_monsterinsights_skip_tracking":false,"_monsterinsights_sitenote_active":false,"_monsterinsights_sitenote_note":"","_monsterinsights_sitenote_category":0,"footnotes":""},"class_list":["post-6553","page","type-page","status-publish","hentry","entry"],"featured_image_src":null,"acf":[],"aioseo_notices":[],"jetpack_sharing_enabled":true,"_links":{"self":[{"href":"https:\/\/www.lequarante7.com\/en\/wp-json\/wp\/v2\/pages\/6553","targetHints":{"allow":["GET"]}}],"collection":[{"href":"https:\/\/www.lequarante7.com\/en\/wp-json\/wp\/v2\/pages"}],"about":[{"href":"https:\/\/www.lequarante7.com\/en\/wp-json\/wp\/v2\/types\/page"}],"author":[{"embeddable":true,"href":"https:\/\/www.lequarante7.com\/en\/wp-json\/wp\/v2\/users\/2"}],"replies":[{"embeddable":true,"href":"https:\/\/www.lequarante7.com\/en\/wp-json\/wp\/v2\/comments?post=6553"}],"version-history":[{"count":1,"href":"https:\/\/www.lequarante7.com\/en\/wp-json\/wp\/v2\/pages\/6553\/revisions"}],"predecessor-version":[{"id":6554,"href":"https:\/\/www.lequarante7.com\/en\/wp-json\/wp\/v2\/pages\/6553\/revisions\/6554"}],"wp:attachment":[{"href":"https:\/\/www.lequarante7.com\/en\/wp-json\/wp\/v2\/media?parent=6553"}],"curies":[{"name":"wp","href":"https:\/\/api.w.org\/{rel}","templated":true}]}}