{"id":4482,"date":"2022-09-17T13:26:43","date_gmt":"2022-09-17T17:26:43","guid":{"rendered":"https:\/\/www.lequarante7.com\/?page_id=4482"},"modified":"2026-04-18T11:07:55","modified_gmt":"2026-04-18T15:07:55","slug":"voyages","status":"publish","type":"page","link":"https:\/\/www.lequarante7.com\/en\/voyages\/","title":{"rendered":"Travel"},"content":{"rendered":"<div data-elementor-type=\"wp-page\" data-elementor-id=\"4482\" class=\"elementor elementor-4482\" data-elementor-post-type=\"page\">\n\t\t\t\t<div class=\"elementor-element elementor-element-3d0494f e-flex e-con-boxed e-con e-parent\" data-id=\"3d0494f\" data-element_type=\"container\" data-e-type=\"container\" data-settings=\"{&quot;jet_parallax_layout_list&quot;:[]}\">\n\t\t\t\t\t<div class=\"e-con-inner\">\n\t\t\t\t<div class=\"elementor-element elementor-element-7622532 elementor-widget elementor-widget-spacer\" data-id=\"7622532\" data-element_type=\"widget\" data-e-type=\"widget\" data-widget_type=\"spacer.default\">\n\t\t\t\t<div class=\"elementor-widget-container\">\n\t\t\t\t\t\t\t<div class=\"elementor-spacer\">\n\t\t\t<div class=\"elementor-spacer-inner\"><\/div>\n\t\t<\/div>\n\t\t\t\t\t\t<\/div>\n\t\t\t\t<\/div>\n\t\t\t\t\t\t\t<h2 \n\t\tdata-interaction-id=\"ad48847\" \n\t\tclass=\"e-ad48847-076fc1d e-heading-base\" \n\t\t \n\t\tdata-e-type=\"widget\" data-id=\"ad48847\"\n\t>\n\t\n\t\t\tLES VOYAGES PR\u00c9SENT\u00c9S PAR YVAN OUELLET\n\t\t<\/h2>\n\t\t\t\t\t<\/div>\n\t\t\t\t<\/div>\n\t\t<div class=\"elementor-element elementor-element-f44b1e6 e-flex e-con-boxed e-con e-parent\" data-id=\"f44b1e6\" data-element_type=\"container\" data-e-type=\"container\" data-settings=\"{&quot;jet_parallax_layout_list&quot;:[]}\">\n\t\t\t\t\t<div class=\"e-con-inner\">\n\t\t\t\t<div class=\"elementor-element elementor-element-e962e58 elementor-widget elementor-widget-image\" data-id=\"e962e58\" data-element_type=\"widget\" data-e-type=\"widget\" data-widget_type=\"image.default\">\n\t\t\t\t<div class=\"elementor-widget-container\">\n\t\t\t\t\t\t\t\t\t\t\t\t\t\t\t<img fetchpriority=\"high\" decoding=\"async\" width=\"1978\" height=\"2560\" src=\"https:\/\/www.lequarante7.com\/wp-content\/uploads\/2026\/04\/flyer-voyage-2027-2-le-quarante-7-scaled.png\" class=\"attachment-full size-full wp-image-10654\" alt=\"\" srcset=\"https:\/\/www.lequarante7.com\/wp-content\/uploads\/2026\/04\/flyer-voyage-2027-2-le-quarante-7-scaled.png 1978w, https:\/\/www.lequarante7.com\/wp-content\/uploads\/2026\/04\/flyer-voyage-2027-2-le-quarante-7-232x300.png 232w, https:\/\/www.lequarante7.com\/wp-content\/uploads\/2026\/04\/flyer-voyage-2027-2-le-quarante-7-791x1024.png 791w, https:\/\/www.lequarante7.com\/wp-content\/uploads\/2026\/04\/flyer-voyage-2027-2-le-quarante-7-768x994.png 768w, https:\/\/www.lequarante7.com\/wp-content\/uploads\/2026\/04\/flyer-voyage-2027-2-le-quarante-7-1187x1536.png 1187w, https:\/\/www.lequarante7.com\/wp-content\/uploads\/2026\/04\/flyer-voyage-2027-2-le-quarante-7-1583x2048.png 1583w, https:\/\/www.lequarante7.com\/wp-content\/uploads\/2026\/04\/flyer-voyage-2027-2-le-quarante-7-9x12.png 9w\" sizes=\"(max-width: 1978px) 100vw, 1978px\" \/>\t\t\t\t\t\t\t\t\t\t\t\t\t\t\t<\/div>\n\t\t\t\t<\/div>\n\t\t\t\t\t<\/div>\n\t\t\t\t<\/div>\n\t\t<div class=\"elementor-element elementor-element-d317f5c e-flex e-con-boxed e-con e-parent\" data-id=\"d317f5c\" data-element_type=\"container\" data-e-type=\"container\" data-settings=\"{&quot;jet_parallax_layout_list&quot;:[]}\">\n\t\t\t\t\t<div class=\"e-con-inner\">\n\t\t\t\t<div class=\"elementor-element elementor-element-c2cec47 elementor-widget elementor-widget-spacer\" data-id=\"c2cec47\" data-element_type=\"widget\" data-e-type=\"widget\" data-widget_type=\"spacer.default\">\n\t\t\t\t<div class=\"elementor-widget-container\">\n\t\t\t\t\t\t\t<div class=\"elementor-spacer\">\n\t\t\t<div class=\"elementor-spacer-inner\"><\/div>\n\t\t<\/div>\n\t\t\t\t\t\t<\/div>\n\t\t\t\t<\/div>\n\t\t\t\t<div class=\"elementor-element elementor-element-97e6091 elementor-widget elementor-widget-heading\" data-id=\"97e6091\" data-element_type=\"widget\" data-e-type=\"widget\" data-widget_type=\"heading.default\">\n\t\t\t\t<div class=\"elementor-widget-container\">\n\t\t\t\t\t<h2 class=\"elementor-heading-title elementor-size-default\"><a href=\"https:\/\/forms.office.com\/r\/zrhkjjiScm\">!! S'INSCRIRE \u00c0 LA CONF\u00c9RENCE VOYAGE LE 27 AVRIL !!<\/a><\/h2>\t\t\t\t<\/div>\n\t\t\t\t<\/div>\n\t\t\t\t\t\t\t<h2 \n\t\tdata-interaction-id=\"22d8e7e\" \n\t\tclass=\"e-22d8e7e-b68b819 e-heading-base\" \n\t\t \n\t\tdata-e-type=\"widget\" data-id=\"22d8e7e\"\n\t>\n\t\n\t\t\tCroisi\u00e8re fluviale \u00c9gypte 2027\n\t\t<\/h2>\n\t\t\t\t<div class=\"elementor-element elementor-element-3ac516a elementor-arrows-position-outside elementor--h-position-center elementor-widget elementor-widget-slides\" data-id=\"3ac516a\" data-element_type=\"widget\" data-e-type=\"widget\" data-settings=\"{&quot;navigation&quot;:&quot;arrows&quot;,&quot;infinite&quot;:&quot;yes&quot;,&quot;transition&quot;:&quot;slide&quot;,&quot;transition_speed&quot;:500}\" data-widget_type=\"slides.default\">\n\t\t\t\t<div class=\"elementor-widget-container\">\n\t\t\t\t\t\t\t\t\t<div class=\"elementor-swiper\">\n\t\t\t\t\t<div class=\"elementor-slides-wrapper elementor-main-swiper swiper\" role=\"region\" aria-roledescription=\"carousel\" aria-label=\"Diapositives\" dir=\"ltr\" data-animation=\"fadeInUp\">\n\t\t\t\t<div class=\"swiper-wrapper elementor-slides\">\n\t\t\t\t\t\t\t\t\t\t<div class=\"elementor-repeater-item-e4c2419 swiper-slide\" role=\"group\" aria-roledescription=\"slide\"><div class=\"swiper-slide-bg\" role=\"img\" aria-label=\"flyers-croisiere-egypte-septembre-2027-page-1-le-quarante-7\"><\/div><div class=\"swiper-slide-inner\" ><div class=\"swiper-slide-contents\"><\/div><\/div><\/div><div class=\"elementor-repeater-item-f6c7c7a swiper-slide\" role=\"group\" aria-roledescription=\"slide\"><div class=\"swiper-slide-bg\" role=\"img\" aria-label=\"flyers-croisiere-egypte-septembre-2027-page-2-le-quarante-7\"><\/div><div class=\"swiper-slide-inner\" ><div class=\"swiper-slide-contents\"><\/div><\/div><\/div><div class=\"elementor-repeater-item-3f2d24c swiper-slide\" role=\"group\" aria-roledescription=\"slide\"><div class=\"swiper-slide-bg\" role=\"img\" aria-label=\"flyers-croisiere-egypte-septembre-2027-page-3-le-quarante-7\"><\/div><div class=\"swiper-slide-inner\" ><div class=\"swiper-slide-contents\"><\/div><\/div><\/div><div class=\"elementor-repeater-item-f8e1d63 swiper-slide\" role=\"group\" aria-roledescription=\"slide\"><div class=\"swiper-slide-bg\" role=\"img\" aria-label=\"flyers-croisiere-egypte-septembre-2027-page-4-le-quarante-7\"><\/div><div class=\"swiper-slide-inner\" ><div class=\"swiper-slide-contents\"><\/div><\/div><\/div><div class=\"elementor-repeater-item-57bf1d6 swiper-slide\" role=\"group\" aria-roledescription=\"slide\"><div class=\"swiper-slide-bg\" role=\"img\" aria-label=\"flyers-croisiere-egypte-septembre-2027-page-5-le-quarante-7\"><\/div><div class=\"swiper-slide-inner\" ><div class=\"swiper-slide-contents\"><\/div><\/div><\/div>\t\t\t\t<\/div>\n\t\t\t\t\t\t\t\t\t\t\t\t\t\t\t<div class=\"elementor-swiper-button elementor-swiper-button-prev\" role=\"button\" tabindex=\"0\" aria-label=\"Previous slide\">\n\t\t\t\t\t\t\t<i aria-hidden=\"true\" class=\"eicon-chevron-left\"><\/i>\t\t\t\t\t\t<\/div>\n\t\t\t\t\t\t<div class=\"elementor-swiper-button elementor-swiper-button-next\" role=\"button\" tabindex=\"0\" aria-label=\"Next slide\">\n\t\t\t\t\t\t\t<i aria-hidden=\"true\" class=\"eicon-chevron-right\"><\/i>\t\t\t\t\t\t<\/div>\n\t\t\t\t\t\t\t\t\t\t\t\t\t\t\t\t\t<\/div>\n\t\t\t\t<\/div>\n\t\t\t\t\t\t\t\t<\/div>\n\t\t\t\t<\/div>\n\t\t\t\t<div class=\"elementor-element elementor-element-7fed365 elementor-widget elementor-widget-spacer\" data-id=\"7fed365\" data-element_type=\"widget\" data-e-type=\"widget\" data-widget_type=\"spacer.default\">\n\t\t\t\t<div class=\"elementor-widget-container\">\n\t\t\t\t\t\t\t<div class=\"elementor-spacer\">\n\t\t\t<div class=\"elementor-spacer-inner\"><\/div>\n\t\t<\/div>\n\t\t\t\t\t\t<\/div>\n\t\t\t\t<\/div>\n\t\t\t\t\t<\/div>\n\t\t\t\t<\/div>\n\t\t\t\t<\/div>","protected":false},"excerpt":{"rendered":"<p>LES VOYAGES PR\u00c9SENT\u00c9S PAR YVAN OUELLET !! S&rsquo;INSCRIRE \u00c0 LA CONF\u00c9RENCE VOYAGE LE 27 AVRIL !! Croisi\u00e8re fluviale \u00c9gypte 2027<\/p>","protected":false},"author":2,"featured_media":0,"parent":0,"menu_order":0,"comment_status":"closed","ping_status":"closed","template":"elementor_header_footer","meta":{"_acf_changed":false,"_angie_page":false,"om_disable_all_campaigns":false,"_monsterinsights_skip_tracking":false,"_monsterinsights_sitenote_active":false,"_monsterinsights_sitenote_note":"","_monsterinsights_sitenote_category":0,"footnotes":""},"class_list":["post-4482","page","type-page","status-publish","hentry","entry"],"featured_image_src":null,"acf":[],"aioseo_notices":[],"jetpack_sharing_enabled":true,"_links":{"self":[{"href":"https:\/\/www.lequarante7.com\/en\/wp-json\/wp\/v2\/pages\/4482","targetHints":{"allow":["GET"]}}],"collection":[{"href":"https:\/\/www.lequarante7.com\/en\/wp-json\/wp\/v2\/pages"}],"about":[{"href":"https:\/\/www.lequarante7.com\/en\/wp-json\/wp\/v2\/types\/page"}],"author":[{"embeddable":true,"href":"https:\/\/www.lequarante7.com\/en\/wp-json\/wp\/v2\/users\/2"}],"replies":[{"embeddable":true,"href":"https:\/\/www.lequarante7.com\/en\/wp-json\/wp\/v2\/comments?post=4482"}],"version-history":[{"count":131,"href":"https:\/\/www.lequarante7.com\/en\/wp-json\/wp\/v2\/pages\/4482\/revisions"}],"predecessor-version":[{"id":10680,"href":"https:\/\/www.lequarante7.com\/en\/wp-json\/wp\/v2\/pages\/4482\/revisions\/10680"}],"wp:attachment":[{"href":"https:\/\/www.lequarante7.com\/en\/wp-json\/wp\/v2\/media?parent=4482"}],"curies":[{"name":"wp","href":"https:\/\/api.w.org\/{rel}","templated":true}]}}