{"id":10728,"date":"2026-05-04T12:02:07","date_gmt":"2026-05-04T16:02:07","guid":{"rendered":"https:\/\/www.lequarante7.com\/?page_id=10728"},"modified":"2026-05-04T13:59:51","modified_gmt":"2026-05-04T17:59:51","slug":"plan-du-stationnement","status":"publish","type":"page","link":"https:\/\/www.lequarante7.com\/en\/plan-du-stationnement\/","title":{"rendered":"Plan du stationnement"},"content":{"rendered":"<div data-elementor-type=\"wp-page\" data-elementor-id=\"10728\" class=\"elementor elementor-10728\" data-elementor-post-type=\"page\">\n\t\t\t\t\t\t<div class=\"elementor-element elementor-element-38ad63b e-con e-atomic-element e-flexbox-base e-38ad63b-9b55501\" data-id=\"38ad63b\" data-element_type=\"e-flexbox\" data-e-type=\"e-flexbox\" data-interaction-id=\"38ad63b\">\n\t\t\t\t\t\t\t<h2 \n\t\tdata-interaction-id=\"e56ff03\" \n\t\tclass=\"e-e56ff03-fdee32c e-heading-base\" \n\t\t \n\t\tdata-e-type=\"widget\" data-id=\"e56ff03\"\n\t>\n\t\n\t\t\tComment se rendre au stationnement int\u00e9rieur apr\u00e8s un spectacle\n\t\t<\/h2>\n\t\t\t\t<\/div>\n\t\t\t\t<div class=\"elementor-element elementor-element-03bbec8 e-con e-atomic-element e-flexbox-base e-03bbec8-8ce5ad4\" data-id=\"03bbec8\" data-element_type=\"e-flexbox\" data-e-type=\"e-flexbox\" data-interaction-id=\"03bbec8\">\n\t\t\t\t\t\t\t\n\t\t\t<img class=\"e-image-base e-36d6406-98a32f4\" \n\t\t\t\t\tdata-interaction-id=\"36d6406\" \n\t\t \n\t\t data-e-type=\"widget\" data-id=\"36d6406\"\n\t\t\t\t\t\t\t\t\tid=\"10730\"\n\t\t\t\t\t\t\t\t\t\t\t\tsrc=\"https:\/\/www.lequarante7.com\/wp-content\/uploads\/2024\/01\/plan-stationnement-le-quarante-7.png\"\n\t\t\t\t\t\t\t\t\t\t\t\twidth=\"2500\"\n\t\t\t\t\t\t\t\t\t\t\t\theight=\"1518\"\n\t\t\t\t\t\t\t\t\t\t\t\tsrcset=\"https:\/\/www.lequarante7.com\/wp-content\/uploads\/2024\/01\/plan-stationnement-le-quarante-7.png 2500w, https:\/\/www.lequarante7.com\/wp-content\/uploads\/2024\/01\/plan-stationnement-le-quarante-7-300x182.png 300w, https:\/\/www.lequarante7.com\/wp-content\/uploads\/2024\/01\/plan-stationnement-le-quarante-7-1024x622.png 1024w, https:\/\/www.lequarante7.com\/wp-content\/uploads\/2024\/01\/plan-stationnement-le-quarante-7-768x466.png 768w, https:\/\/www.lequarante7.com\/wp-content\/uploads\/2024\/01\/plan-stationnement-le-quarante-7-1536x933.png 1536w, https:\/\/www.lequarante7.com\/wp-content\/uploads\/2024\/01\/plan-stationnement-le-quarante-7-2048x1244.png 2048w, https:\/\/www.lequarante7.com\/wp-content\/uploads\/2024\/01\/plan-stationnement-le-quarante-7-18x12.png 18w\"\n\t\t\t\t\t\t\t\t\t\t\t\talt=\"\"\n\t\t\t\t\t\t\/>\n\t\t\t\t\t<\/div>\n\t\t\t\t<div class=\"elementor-element elementor-element-8ce4508 e-con e-atomic-element e-flexbox-base e-8ce4508-2167b7a\" data-id=\"8ce4508\" data-element_type=\"e-flexbox\" data-e-type=\"e-flexbox\" data-interaction-id=\"8ce4508\">\n\t\t\t\t\t\t\t\t<p class=\"e-0a7a49b-00abbc4 e-paragraph-base\" data-interaction-id=\"0a7a49b\"  data-e-type=\"widget\" data-id=\"0a7a49b\">\n\t\t\t\t\t\t\t\tRendez-vous \u00e0 l'entr\u00e9e du 1150, rue Claire-Fontaine. Prenez l'ascenseur jusqu'au SS1 ou SS2 selon votre place de stationnement. Utilisez le coupon jaune qu'on vous aura  remis au pr\u00e9alable en premier, puis le blanc. Bonne soir\u00e9e et \u00e0 la prochaine ! \n\t\t\t\t\t<\/p>\n\t\t\t\t<\/div>\n\t\t\t\t<\/div>","protected":false},"excerpt":{"rendered":"<p>Comment se rendre au stationnement int\u00e9rieur apr\u00e8s un spectacle Rendez-vous \u00e0 l&rsquo;entr\u00e9e du 1150, rue Claire-Fontaine. Prenez l&rsquo;ascenseur jusqu&rsquo;au SS1 ou SS2 selon votre place de stationnement. Utilisez le coupon [&hellip;]<\/p>\n","protected":false},"author":2,"featured_media":0,"parent":0,"menu_order":0,"comment_status":"closed","ping_status":"closed","template":"elementor_header_footer","meta":{"_acf_changed":false,"_angie_page":false,"om_disable_all_campaigns":false,"_monsterinsights_skip_tracking":false,"_monsterinsights_sitenote_active":false,"_monsterinsights_sitenote_note":"","_monsterinsights_sitenote_category":0,"footnotes":""},"class_list":["post-10728","page","type-page","status-publish","hentry","entry"],"featured_image_src":null,"acf":[],"aioseo_notices":[],"jetpack_sharing_enabled":true,"_links":{"self":[{"href":"https:\/\/www.lequarante7.com\/en\/wp-json\/wp\/v2\/pages\/10728","targetHints":{"allow":["GET"]}}],"collection":[{"href":"https:\/\/www.lequarante7.com\/en\/wp-json\/wp\/v2\/pages"}],"about":[{"href":"https:\/\/www.lequarante7.com\/en\/wp-json\/wp\/v2\/types\/page"}],"author":[{"embeddable":true,"href":"https:\/\/www.lequarante7.com\/en\/wp-json\/wp\/v2\/users\/2"}],"replies":[{"embeddable":true,"href":"https:\/\/www.lequarante7.com\/en\/wp-json\/wp\/v2\/comments?post=10728"}],"version-history":[{"count":16,"href":"https:\/\/www.lequarante7.com\/en\/wp-json\/wp\/v2\/pages\/10728\/revisions"}],"predecessor-version":[{"id":10750,"href":"https:\/\/www.lequarante7.com\/en\/wp-json\/wp\/v2\/pages\/10728\/revisions\/10750"}],"wp:attachment":[{"href":"https:\/\/www.lequarante7.com\/en\/wp-json\/wp\/v2\/media?parent=10728"}],"curies":[{"name":"wp","href":"https:\/\/api.w.org\/{rel}","templated":true}]}}