{"id":10508,"date":"2026-04-16T10:27:58","date_gmt":"2026-04-16T14:27:58","guid":{"rendered":"https:\/\/www.lequarante7.com\/?page_id=10508"},"modified":"2026-04-16T11:27:23","modified_gmt":"2026-04-16T15:27:23","slug":"salon-prive","status":"publish","type":"page","link":"https:\/\/www.lequarante7.com\/en\/salon-prive\/","title":{"rendered":"Salon priv\u00e9"},"content":{"rendered":"<div data-elementor-type=\"wp-post\" data-elementor-id=\"10508\" class=\"elementor elementor-10508\" data-elementor-post-type=\"page\">\n\t\t\t\t<div class=\"elementor-element elementor-element-239569d5 e-flex e-con-boxed e-con e-parent\" data-id=\"239569d5\" data-element_type=\"container\" data-e-type=\"container\" data-settings=\"{&quot;background_background&quot;:&quot;classic&quot;,&quot;jet_parallax_layout_list&quot;:[]}\">\n\t\t\t\t\t<div class=\"e-con-inner\">\n\t\t\t\t\t\t\t<h2 \n\t\tdata-interaction-id=\"2b8b44ca\" \n\t\tclass=\"e-3c36d88-8c7ce43 e-3c36d88-1b9e5fe e-2b8b44ca-b925af6 e-heading-base\" \n\t\tid=\"Titre&amp;#x20;Salon\" \n\t\tdata-e-type=\"widget\" data-id=\"2b8b44ca\"\n\t>\n\t\n\t\t\tLe salon priv\u00e9\n\t\t<\/h2>\n\t\t\t\t\t<\/div>\n\t\t\t\t<\/div>\n\t\t<div class=\"elementor-element elementor-element-4c0d9a8c e-con-full e-flex e-con e-parent\" data-id=\"4c0d9a8c\" data-element_type=\"container\" data-e-type=\"container\" data-settings=\"{&quot;background_background&quot;:&quot;classic&quot;,&quot;jet_parallax_layout_list&quot;:[]}\">\n\t\t\t\t<div class=\"elementor-element elementor-element-126626ad elementor-widget elementor-widget-spacer\" data-id=\"126626ad\" data-element_type=\"widget\" data-e-type=\"widget\" data-widget_type=\"spacer.default\">\n\t\t\t\t<div class=\"elementor-widget-container\">\n\t\t\t\t\t\t\t<div class=\"elementor-spacer\">\n\t\t\t<div class=\"elementor-spacer-inner\"><\/div>\n\t\t<\/div>\n\t\t\t\t\t\t<\/div>\n\t\t\t\t<\/div>\n\t\t\t\t\t\t\t<h2 \n\t\tdata-interaction-id=\"7bfc2047\" \n\t\tclass=\"e-7bfc2047-88de28a e-heading-base\" \n\t\t \n\t\tdata-e-type=\"widget\" data-id=\"7bfc2047\"\n\t>\n\t\n\t\t\t<strong id=\"e-mo0jaioh-b88safn\">Un espace intime exclusif<\/strong>\n\t\t<\/h2>\n\t\t\t\t\t\t\t\t<p class=\"e-f1c1da9-92d357a e-paragraph-base\" data-interaction-id=\"f1c1da9\"  data-e-type=\"widget\" data-id=\"f1c1da9\">\n\t\t\t\t\t\t\t\tLe salon priv\u00e9 du Quarante 7 se distingue par son \u00e9quilibre parfait entre modernit\u00e9 et confort. S\u00e9par\u00e9 de la salle principale par de grandes portes vitr\u00e9es insonoris\u00e9es, cet espace vous permet de rester visuellement connect\u00e9 \u00e0 l'effervescence du restaurant tout en profitant d'un calme absolu. Pour une confidentialit\u00e9 totale, de grands rideaux \u00e9l\u00e9gants peuvent \u00eatre d\u00e9ploy\u00e9s, cr\u00e9ant un cocon intime pour vos convives. Que ce soit pour une c\u00e9l\u00e9bration ou une r\u00e9union, l'espace est enti\u00e8rement \u00e9quip\u00e9 d'un syst\u00e8me de projection sans fil escamotable, s'int\u00e9grant discr\u00e8tement au d\u00e9cor pour vos pr\u00e9sentations ou vos projections de souvenirs.<br><br><strong id=\"e-mo1linrt-ur92e40\">BANQUETS ET C\u00c9L\u00c9BRATIONS :<\/strong> <br>Jusqu'\u00e0 40 convives (disposition modulable en 4 tables de 10 ou 2 grandes tables de 20)<br><br><strong id=\"e-mo1linrt-t2xg5jh\">COCKTAILS D\u00ceNATOIRES<\/strong><br>Un espace dynamique accueillant de 50 \u00e0 60 personnes avec mobilier haut<br><br><strong id=\"e-mo1linrt-e0o0csx\">R\u00c9UNIONS ET CONF\u00c9RENCES : <\/strong><br>Configuration en U, carr\u00e9 ou rectangle pour 20 participants, incluant l'acc\u00e8s complet au projecteur et \u00e0 l'\u00e9cran escamotable\n\t\t\t\t\t<\/p>\n\t\t\t\t<div class=\"elementor-element elementor-element-7ce3d6a2 elementor-widget elementor-widget-spacer\" data-id=\"7ce3d6a2\" data-element_type=\"widget\" data-e-type=\"widget\" data-widget_type=\"spacer.default\">\n\t\t\t\t<div class=\"elementor-widget-container\">\n\t\t\t\t\t\t\t<div class=\"elementor-spacer\">\n\t\t\t<div class=\"elementor-spacer-inner\"><\/div>\n\t\t<\/div>\n\t\t\t\t\t\t<\/div>\n\t\t\t\t<\/div>\n\t\t\t\t<\/div>\n\t\t<div class=\"elementor-element elementor-element-60d78393 e-grid e-con-boxed e-con e-parent\" data-id=\"60d78393\" data-element_type=\"container\" data-e-type=\"container\" data-settings=\"{&quot;background_background&quot;:&quot;classic&quot;,&quot;jet_parallax_layout_list&quot;:[]}\">\n\t\t\t\t\t<div class=\"e-con-inner\">\n\t\t\t\t\t\t\t\n\t\t<img class=\"e-image-base e-5164d009-f3e7848\" \n\t\t\t\t\tdata-interaction-id=\"5164d009\" \n\t\t \n\t\t data-e-type=\"widget\" data-id=\"5164d009\"\n\t\t\t\t\t\t\t\t\tid=\"10532\"\n\t\t\t\t\t\t\t\t\t\t\t\tsrc=\"https:\/\/www.lequarante7.com\/wp-content\/uploads\/2024\/01\/dscf0307-le-quarante-7-scaled.jpg\"\n\t\t\t\t\t\t\t\t\t\t\t\twidth=\"2560\"\n\t\t\t\t\t\t\t\t\t\t\t\theight=\"1707\"\n\t\t\t\t\t\t\t\t\t\t\t\tsrcset=\"https:\/\/www.lequarante7.com\/wp-content\/uploads\/2024\/01\/dscf0307-le-quarante-7-scaled.jpg 2560w, https:\/\/www.lequarante7.com\/wp-content\/uploads\/2024\/01\/dscf0307-le-quarante-7-300x200.jpg 300w, https:\/\/www.lequarante7.com\/wp-content\/uploads\/2024\/01\/dscf0307-le-quarante-7-1024x683.jpg 1024w, https:\/\/www.lequarante7.com\/wp-content\/uploads\/2024\/01\/dscf0307-le-quarante-7-768x512.jpg 768w, https:\/\/www.lequarante7.com\/wp-content\/uploads\/2024\/01\/dscf0307-le-quarante-7-1536x1024.jpg 1536w, https:\/\/www.lequarante7.com\/wp-content\/uploads\/2024\/01\/dscf0307-le-quarante-7-2048x1365.jpg 2048w, https:\/\/www.lequarante7.com\/wp-content\/uploads\/2024\/01\/dscf0307-le-quarante-7-18x12.jpg 18w\"\n\t\t\t\t\t\t\t\t\t\t\t\talt=\"\"\n\t\t\t\t\t\t\/>\n\t\t\t\t\t\t\t\t\n\t\t<img class=\"e-image-base\" \n\t\t\t\t\tdata-interaction-id=\"23049293\" \n\t\t \n\t\t data-e-type=\"widget\" data-id=\"23049293\"\n\t\t\t\t\t\t\t\t\tid=\"10534\"\n\t\t\t\t\t\t\t\t\t\t\t\tsrc=\"https:\/\/www.lequarante7.com\/wp-content\/uploads\/2026\/04\/dscf0333-le-quarante-7-scaled.jpg\"\n\t\t\t\t\t\t\t\t\t\t\t\twidth=\"2560\"\n\t\t\t\t\t\t\t\t\t\t\t\theight=\"1707\"\n\t\t\t\t\t\t\t\t\t\t\t\tsrcset=\"https:\/\/www.lequarante7.com\/wp-content\/uploads\/2026\/04\/dscf0333-le-quarante-7-scaled.jpg 2560w, https:\/\/www.lequarante7.com\/wp-content\/uploads\/2026\/04\/dscf0333-le-quarante-7-300x200.jpg 300w, https:\/\/www.lequarante7.com\/wp-content\/uploads\/2026\/04\/dscf0333-le-quarante-7-1024x683.jpg 1024w, https:\/\/www.lequarante7.com\/wp-content\/uploads\/2026\/04\/dscf0333-le-quarante-7-768x512.jpg 768w, https:\/\/www.lequarante7.com\/wp-content\/uploads\/2026\/04\/dscf0333-le-quarante-7-1536x1024.jpg 1536w\"\n\t\t\t\t\t\t\t\t\t\t\t\talt=\"\"\n\t\t\t\t\t\t\/>\n\t\t\t\t\t\t\t\t\n\t\t<img class=\"e-image-base\" \n\t\t\t\t\tdata-interaction-id=\"5268d068\" \n\t\t \n\t\t data-e-type=\"widget\" data-id=\"5268d068\"\n\t\t\t\t\t\t\t\t\tid=\"10533\"\n\t\t\t\t\t\t\t\t\t\t\t\tsrc=\"https:\/\/www.lequarante7.com\/wp-content\/uploads\/2026\/04\/dscf0409-le-quarante-7-scaled.jpg\"\n\t\t\t\t\t\t\t\t\t\t\t\twidth=\"2560\"\n\t\t\t\t\t\t\t\t\t\t\t\theight=\"1707\"\n\t\t\t\t\t\t\t\t\t\t\t\tsrcset=\"https:\/\/www.lequarante7.com\/wp-content\/uploads\/2026\/04\/dscf0409-le-quarante-7-scaled.jpg 2560w, https:\/\/www.lequarante7.com\/wp-content\/uploads\/2026\/04\/dscf0409-le-quarante-7-300x200.jpg 300w, https:\/\/www.lequarante7.com\/wp-content\/uploads\/2026\/04\/dscf0409-le-quarante-7-1024x683.jpg 1024w, https:\/\/www.lequarante7.com\/wp-content\/uploads\/2026\/04\/dscf0409-le-quarante-7-768x512.jpg 768w, https:\/\/www.lequarante7.com\/wp-content\/uploads\/2026\/04\/dscf0409-le-quarante-7-1536x1024.jpg 1536w, https:\/\/www.lequarante7.com\/wp-content\/uploads\/2026\/04\/dscf0409-le-quarante-7-2048x1365.jpg 2048w, https:\/\/www.lequarante7.com\/wp-content\/uploads\/2026\/04\/dscf0409-le-quarante-7-18x12.jpg 18w\"\n\t\t\t\t\t\t\t\t\t\t\t\talt=\"\"\n\t\t\t\t\t\t\/>\n\t\t\t\t\t\t<\/div>\n\t\t\t\t<\/div>\n\t\t<div class=\"elementor-element elementor-element-75b52234 e-con-full e-flex e-con e-parent\" data-id=\"75b52234\" data-element_type=\"container\" data-e-type=\"container\" data-settings=\"{&quot;background_background&quot;:&quot;classic&quot;,&quot;jet_parallax_layout_list&quot;:[]}\">\n\t\t\t\t<div class=\"elementor-element elementor-element-69aadce elementor-widget elementor-widget-spacer\" data-id=\"69aadce\" data-element_type=\"widget\" data-e-type=\"widget\" data-widget_type=\"spacer.default\">\n\t\t\t\t<div class=\"elementor-widget-container\">\n\t\t\t\t\t\t\t<div class=\"elementor-spacer\">\n\t\t\t<div class=\"elementor-spacer-inner\"><\/div>\n\t\t<\/div>\n\t\t\t\t\t\t<\/div>\n\t\t\t\t<\/div>\n\t\t\t\t\t\t\t<h2 \n\t\tdata-interaction-id=\"51ed52b3\" \n\t\tclass=\"e-51ed52b3-545eec4 e-heading-base\" \n\t\t \n\t\tdata-e-type=\"widget\" data-id=\"51ed52b3\"\n\t>\n\t\n\t\t\tLe Quarante 7  pour vous\n\t\t<\/h2>\n\t\t\t\t\t\t\t\t<p class=\"e-5cd7b0b1-2b6719d e-paragraph-base\" data-interaction-id=\"5cd7b0b1\"  data-e-type=\"widget\" data-id=\"5cd7b0b1\">\n\t\t\t\t\t\t\t\tPour vos \u00e9v\u00e9nements d\u2019envergure, privatisez l\u2019ensemble du Quarante 7 et offrez \u00e0 vos convives une immersion gastronomique totale dans un cadre prestigieux. En devenant les h\u00f4tes exclusifs de notre adresse, vous b\u00e9n\u00e9ficiez de toute l'attention de notre brigade et de la flexibilit\u00e9 n\u00e9cessaire pour cr\u00e9er un \u00e9v\u00e9nement qui vous ressemble, de l'accueil au bar jusqu'au dernier service.<br><br><strong id=\"e-mo1lixuv-nkl12j7\">CAPACIT\u00c9 MAXIMALE : <\/strong><br>Jusqu'\u00e0 110 places (salle \u00e0 manger) ou 119 places (incluant le bar)<br><br><strong id=\"e-mo1lixuv-rzex0dh\">CONFIGURATIONS : <\/strong><br>Formule banquet assis ou cocktail d\u00eenatoire avec mobilier modulable<br><br><strong id=\"e-mo1lixuv-r6avzjf\">SERVICES<\/strong> <strong id=\"e-mo1lixuv-9m7w3eb\">INCLUS<\/strong> <strong id=\"e-mo1lixuv-4isb43e\">:<\/strong><br>Prise en charge compl\u00e8te, de la r\u00e9ception au bar jusqu'au service final<br>\n\t\t\t\t\t<\/p>\n\t\t\t\t<div class=\"elementor-element elementor-element-221e162 elementor-widget elementor-widget-spacer\" data-id=\"221e162\" data-element_type=\"widget\" data-e-type=\"widget\" data-widget_type=\"spacer.default\">\n\t\t\t\t<div class=\"elementor-widget-container\">\n\t\t\t\t\t\t\t<div class=\"elementor-spacer\">\n\t\t\t<div class=\"elementor-spacer-inner\"><\/div>\n\t\t<\/div>\n\t\t\t\t\t\t<\/div>\n\t\t\t\t<\/div>\n\t\t\t\t<\/div>\n\t\t<div class=\"elementor-element elementor-element-d06937d e-con-full e-flex e-con e-parent\" data-id=\"d06937d\" data-element_type=\"container\" data-e-type=\"container\" data-settings=\"{&quot;background_background&quot;:&quot;classic&quot;,&quot;jet_parallax_layout_list&quot;:[]}\">\n\t\t\t\t<div class=\"elementor-element elementor-element-ca992f2 e-con e-atomic-element e-flexbox-base e-ca992f2-d2fb428\" data-id=\"ca992f2\" data-element_type=\"e-flexbox\" data-e-type=\"e-flexbox\" data-interaction-id=\"ca992f2\">\n\t\t\t\t<div class=\"elementor-element elementor-element-7e65de5 elementor-widget elementor-widget-spacer\" data-id=\"7e65de5\" data-element_type=\"widget\" data-e-type=\"widget\" data-widget_type=\"spacer.default\">\n\t\t\t\t<div class=\"elementor-widget-container\">\n\t\t\t\t\t\t\t<div class=\"elementor-spacer\">\n\t\t\t<div class=\"elementor-spacer-inner\"><\/div>\n\t\t<\/div>\n\t\t\t\t\t\t<\/div>\n\t\t\t\t<\/div>\n\t\t\t\t\t\t\t<h2 \n\t\tdata-interaction-id=\"42b284f\" \n\t\tclass=\"e-42b284f-491b49d e-heading-base\" \n\t\t \n\t\tdata-e-type=\"widget\" data-id=\"42b284f\"\n\t>\n\t\n\t\t\tCONTACT US\n\t\t<\/h2>\n\t\t\t\t\t\t\t\t<p class=\"e-e178a96-0aa83e8 e-paragraph-base\" data-interaction-id=\"e178a96\"  data-e-type=\"widget\" data-id=\"e178a96\">\n\t\t\t\t\t\t\t\tPour obtenir une soumission personnalis\u00e9e ou discuter des d\u00e9tails de votre projet, notre \u00e9quipe est \u00e0 votre enti\u00e8re disposition pour vous accompagner dans chaque \u00e9tape de la planification. Nous vous guiderons du d\u00e9but \u00e0 la fin pour faire de votre \u00e9v\u00e9nement un succ\u00e8s !\n\t\t\t\t\t<\/p>\n\t\t\t\t<div class=\"elementor-element elementor-element-bdeab4c elementor-widget elementor-widget-spacer\" data-id=\"bdeab4c\" data-element_type=\"widget\" data-e-type=\"widget\" data-widget_type=\"spacer.default\">\n\t\t\t\t<div class=\"elementor-widget-container\">\n\t\t\t\t\t\t\t<div class=\"elementor-spacer\">\n\t\t\t<div class=\"elementor-spacer-inner\"><\/div>\n\t\t<\/div>\n\t\t\t\t\t\t<\/div>\n\t\t\t\t<\/div>\n\t\t\t\t<div class=\"elementor-element elementor-element-aed88d4 elementor-widget elementor-widget-image\" data-id=\"aed88d4\" data-element_type=\"widget\" data-e-type=\"widget\" data-widget_type=\"image.default\">\n\t\t\t\t<div class=\"elementor-widget-container\">\n\t\t\t\t\t\t\t\t\t\t\t\t\t\t\t<img fetchpriority=\"high\" decoding=\"async\" width=\"850\" height=\"920\" src=\"https:\/\/www.lequarante7.com\/wp-content\/uploads\/2025\/03\/VERONIQUE-e1776351433469.jpg\" class=\"attachment-full size-full wp-image-8456\" alt=\"\" srcset=\"https:\/\/www.lequarante7.com\/wp-content\/uploads\/2025\/03\/VERONIQUE-e1776351433469.jpg 850w, https:\/\/www.lequarante7.com\/wp-content\/uploads\/2025\/03\/VERONIQUE-e1776351433469-277x300.jpg 277w, https:\/\/www.lequarante7.com\/wp-content\/uploads\/2025\/03\/VERONIQUE-e1776351433469-768x831.jpg 768w, https:\/\/www.lequarante7.com\/wp-content\/uploads\/2025\/03\/VERONIQUE-e1776351433469-11x12.jpg 11w\" sizes=\"(max-width: 850px) 100vw, 850px\" \/>\t\t\t\t\t\t\t\t\t\t\t\t\t\t\t<\/div>\n\t\t\t\t<\/div>\n\t\t\t\t<div class=\"elementor-element elementor-element-6198a4f elementor-widget elementor-widget-spacer\" data-id=\"6198a4f\" data-element_type=\"widget\" data-e-type=\"widget\" data-widget_type=\"spacer.default\">\n\t\t\t\t<div class=\"elementor-widget-container\">\n\t\t\t\t\t\t\t<div class=\"elementor-spacer\">\n\t\t\t<div class=\"elementor-spacer-inner\"><\/div>\n\t\t<\/div>\n\t\t\t\t\t\t<\/div>\n\t\t\t\t<\/div>\n\t\t\t\t\t\t\t\t<p class=\"e-1418d35-cb26f30 e-paragraph-base\" data-interaction-id=\"1418d35\"  data-e-type=\"widget\" data-id=\"1418d35\">\n\t\t\t\t\t\t\t\t<strong>V\u00c9RONIQUE GAUTHIER<\/strong><br>Propri\u00e9taire et directrice du restaurant<br> <br><strong>Telephone:<\/strong> 418 997-9742<br><strong>Email:<\/strong> <a target=\"_blank\" href=\"mailto:vgauthier@lequarante7.com\">vgauthier@lequarante7.com<\/a>\n\t\t\t\t\t<\/p>\n\t\t\t\t<\/div>\n\t\t\t\t<\/div>\n\t\t\t\t<\/div>","protected":false},"excerpt":{"rendered":"<p>Le salon priv\u00e9 Un espace intime exclusif Le salon priv\u00e9 du Quarante 7 se distingue par son \u00e9quilibre parfait entre modernit\u00e9 et confort. S\u00e9par\u00e9 de la salle principale par de [&hellip;]<\/p>\n","protected":false},"author":2,"featured_media":0,"parent":0,"menu_order":0,"comment_status":"closed","ping_status":"closed","template":"elementor_header_footer","meta":{"_acf_changed":false,"_angie_page":false,"om_disable_all_campaigns":false,"_monsterinsights_skip_tracking":false,"_monsterinsights_sitenote_active":false,"_monsterinsights_sitenote_note":"","_monsterinsights_sitenote_category":0,"footnotes":""},"class_list":["post-10508","page","type-page","status-publish","hentry","entry"],"featured_image_src":null,"acf":[],"aioseo_notices":[],"jetpack_sharing_enabled":true,"_links":{"self":[{"href":"https:\/\/www.lequarante7.com\/en\/wp-json\/wp\/v2\/pages\/10508","targetHints":{"allow":["GET"]}}],"collection":[{"href":"https:\/\/www.lequarante7.com\/en\/wp-json\/wp\/v2\/pages"}],"about":[{"href":"https:\/\/www.lequarante7.com\/en\/wp-json\/wp\/v2\/types\/page"}],"author":[{"embeddable":true,"href":"https:\/\/www.lequarante7.com\/en\/wp-json\/wp\/v2\/users\/2"}],"replies":[{"embeddable":true,"href":"https:\/\/www.lequarante7.com\/en\/wp-json\/wp\/v2\/comments?post=10508"}],"version-history":[{"count":8,"href":"https:\/\/www.lequarante7.com\/en\/wp-json\/wp\/v2\/pages\/10508\/revisions"}],"predecessor-version":[{"id":10545,"href":"https:\/\/www.lequarante7.com\/en\/wp-json\/wp\/v2\/pages\/10508\/revisions\/10545"}],"wp:attachment":[{"href":"https:\/\/www.lequarante7.com\/en\/wp-json\/wp\/v2\/media?parent=10508"}],"curies":[{"name":"wp","href":"https:\/\/api.w.org\/{rel}","templated":true}]}}